{"id":3,"date":"2024-01-27T17:06:52","date_gmt":"2024-01-27T17:06:52","guid":{"rendered":"http:\/\/tiendaepico.shop\/?page_id=3"},"modified":"2024-01-28T09:29:17","modified_gmt":"2024-01-28T09:29:17","slug":"privacy-policy-3","status":"publish","type":"page","link":"https:\/\/tiendaepico.shop\/index.php\/privacy-policy-3\/","title":{"rendered":"Pol\u00edtica de Privacidad"},"content":{"rendered":"\n<p>Pol\u00edtica de privacidad<br>\u00daltima actualizaci\u00f3n 27-Ene-2024<br>Fecha de entrada en vigor 27-Ene-2024<\/p>\n\n\n\n<p>Esta Pol\u00edtica de Privacidad describe las pol\u00edticas de \u00c9PICO, Cl. 78 #53-70, Barranquilla 080001, Colombia, email: hola@tiendaepico.shop, tel\u00e9fono: 3148627881 sobre la recopilaci\u00f3n, uso y divulgaci\u00f3n de su informaci\u00f3n que recopilamos cuando usted utiliza nuestro sitio web ( https:\/\/tiendaepico.shop\/ ). (el \u00abServicio\u00bb). Al acceder o utilizar el Servicio, usted consiente la recopilaci\u00f3n, uso y divulgaci\u00f3n de su informaci\u00f3n de acuerdo con esta Pol\u00edtica de Privacidad. Si no da su consentimiento, le rogamos que no acceda al Servicio ni lo utilice.<br>Podemos modificar esta Pol\u00edtica de Privacidad en cualquier momento sin previo aviso y publicaremos la Pol\u00edtica de Privacidad revisada en el Servicio. La Pol\u00edtica revisada entrar\u00e1 en vigor a los 180 d\u00edas de su publicaci\u00f3n en el Servicio y su acceso o uso continuado del Servicio despu\u00e9s de dicho plazo constituir\u00e1 su aceptaci\u00f3n de la Pol\u00edtica de Privacidad revisada. Por lo tanto, le recomendamos que revise peri\u00f3dicamente esta p\u00e1gina.<\/p>\n\n\n\n<p>Informaci\u00f3n que recopilamos:<br>Recopilaremos y procesaremos la siguiente informaci\u00f3n personal sobre usted:<\/p>\n\n\n\n<p>Nombre<br>Correo electr\u00f3nico<br>M\u00f3vil<br>Perfil en redes sociales<br>Direcci\u00f3n<br>Direcci\u00f3n de trabajo<br>Informaci\u00f3n de pago<\/p>\n\n\n\n<p>C\u00f3mo utilizamos su informaci\u00f3n:<br>Utilizaremos la informaci\u00f3n que recopilemos sobre usted para los siguientes fines:<\/p>\n\n\n\n<p>Marketing\/Promoci\u00f3n<br>Creaci\u00f3n de una cuenta de usuario<br>Testimonios<br>Recogida de opiniones de clientes<br>Aplicar T&amp;C<br>Procesamiento de pagos<br>Publicidad dirigida<br>Gesti\u00f3n de pedidos de clientes<br>Protecci\u00f3n del sitio<br>Comentarios de usuario a usuario<br>Si queremos utilizar su informaci\u00f3n para cualquier otro prop\u00f3sito, le pediremos su consentimiento y utilizaremos su informaci\u00f3n s\u00f3lo al recibir su consentimiento y, a continuaci\u00f3n, s\u00f3lo para el prop\u00f3sito (s) para el que conceder el consentimiento a menos que estemos obligados a hacer lo contrario por ley.<\/p>\n\n\n\n<p>Conservaci\u00f3n de su informaci\u00f3n:<br>Conservaremos su informaci\u00f3n personal entre 90 d\u00edas y 2 a\u00f1os despu\u00e9s de que los usuarios cancelen sus cuentas o mientras la necesitemos para cumplir los fines para los que fue recopilada, tal y como se detalla en esta Pol\u00edtica de privacidad. Es posible que necesitemos retener cierta informaci\u00f3n durante per\u00edodos m\u00e1s largos, como el mantenimiento de registros \/ informes de conformidad con la legislaci\u00f3n aplicable o por otras razones leg\u00edtimas como el cumplimiento de los derechos legales, la prevenci\u00f3n del fraude, etc. La informaci\u00f3n an\u00f3nima residual y la informaci\u00f3n agregada, ninguna de las cuales le identifica (directa o indirectamente), pueden almacenarse indefinidamente.<\/p>\n\n\n\n<p>Sus derechos:<br>En funci\u00f3n de la legislaci\u00f3n aplicable, usted puede tener derecho a acceder y rectificar o borrar sus datos personales o recibir una copia de los mismos, restringir u oponerse al tratamiento activo de sus datos, solicitarnos que compartamos (portemos) su informaci\u00f3n personal a otra entidad, retirar cualquier consentimiento que nos haya proporcionado para el tratamiento de sus datos, derecho a presentar una reclamaci\u00f3n ante una autoridad legal y otros derechos que puedan ser pertinentes en virtud de la legislaci\u00f3n aplicable. Para ejercer estos derechos, puede escribirnos a hola@tiendaepico.shop. Responderemos a su solicitud de conformidad con la legislaci\u00f3n aplicable.<br>Tenga en cuenta que si no nos permite recopilar o procesar la informaci\u00f3n personal requerida o retira el consentimiento para procesar la misma para los fines requeridos, es posible que no pueda acceder o utilizar los servicios para los que se solicit\u00f3 su informaci\u00f3n.<\/p>\n\n\n\n<p>Cookies, etc.<br>Para obtener m\u00e1s informaci\u00f3n sobre c\u00f3mo las utilizamos y sus opciones en relaci\u00f3n con estas tecnolog\u00edas de seguimiento, consulte nuestra Pol\u00edtica de cookies.<\/p>\n\n\n\n<p>Seguridad:<br>La seguridad de su informaci\u00f3n es importante para nosotros y utilizaremos medidas de seguridad razonables para evitar la p\u00e9rdida, el uso indebido o la alteraci\u00f3n no autorizada de su informaci\u00f3n bajo nuestro control. Sin embargo, dados los riesgos inherentes, no podemos garantizar una seguridad absoluta y, en consecuencia, no podemos asegurar o garantizar la seguridad de cualquier informaci\u00f3n que nos transmita y usted lo hace bajo su propio riesgo.<\/p>\n\n\n\n<p>Responsable de quejas y protecci\u00f3n de datos:<br>Si usted tiene alguna pregunta o preocupaci\u00f3n sobre el tratamiento de su informaci\u00f3n que est\u00e1 disponible con nosotros, usted puede enviar un correo electr\u00f3nico a nuestro Oficial de Quejas en \u00c9PICO, Cl. 78 #53-70, correo electr\u00f3nico: hola@tiendaepico.shop. Atenderemos sus inquietudes de conformidad con la legislaci\u00f3n aplicable.<\/p>\n","protected":false},"excerpt":{"rendered":"<p>Pol\u00edtica de privacidad\u00daltima actualizaci\u00f3n 27-Ene-2024Fecha de entrada en vigor 27-Ene-2024 Esta Pol\u00edtica de Privacidad describe las pol\u00edticas de \u00c9PICO, Cl. 78 #53-70, Barranquilla 080001, Colombia, email: hola@tiendaepico.shop, tel\u00e9fono: 3148627881 sobre la recopilaci\u00f3n, uso y divulgaci\u00f3n de su informaci\u00f3n que recopilamos cuando usted utiliza nuestro sitio web ( https:\/\/tiendaepico.shop\/ ). (el \u00abServicio\u00bb). Al acceder o utilizar [&hellip;]<\/p>\n","protected":false},"author":1,"featured_media":0,"parent":0,"menu_order":0,"comment_status":"closed","ping_status":"open","template":"","meta":{"_joinchat":[],"footnotes":""},"blocksy_meta":[],"_links":{"self":[{"href":"https:\/\/tiendaepico.shop\/index.php\/wp-json\/wp\/v2\/pages\/3"}],"collection":[{"href":"https:\/\/tiendaepico.shop\/index.php\/wp-json\/wp\/v2\/pages"}],"about":[{"href":"https:\/\/tiendaepico.shop\/index.php\/wp-json\/wp\/v2\/types\/page"}],"author":[{"embeddable":true,"href":"https:\/\/tiendaepico.shop\/index.php\/wp-json\/wp\/v2\/users\/1"}],"replies":[{"embeddable":true,"href":"https:\/\/tiendaepico.shop\/index.php\/wp-json\/wp\/v2\/comments?post=3"}],"version-history":[{"count":2,"href":"https:\/\/tiendaepico.shop\/index.php\/wp-json\/wp\/v2\/pages\/3\/revisions"}],"predecessor-version":[{"id":828,"href":"https:\/\/tiendaepico.shop\/index.php\/wp-json\/wp\/v2\/pages\/3\/revisions\/828"}],"wp:attachment":[{"href":"https:\/\/tiendaepico.shop\/index.php\/wp-json\/wp\/v2\/media?parent=3"}],"curies":[{"name":"wp","href":"https:\/\/api.w.org\/{rel}","templated":true}]}}